{"id":18,"date":"2016-03-04T23:05:03","date_gmt":"2016-03-04T22:05:03","guid":{"rendered":"http:\/\/www.pendlerquartier.at\/pq\/?page_id=18"},"modified":"2019-07-23T11:40:01","modified_gmt":"2019-07-23T09:40:01","slug":"home","status":"publish","type":"page","link":"http:\/\/www.pendlerquartier.at\/pq\/","title":{"rendered":"Pendlerquartier"},"content":{"rendered":"<figure id=\"g1-quote-1\" class=\"g1-quote g1-quote--solid g1-quote--medium \" ><div class=\"g1-inner\">\n<p>Haben Sie Interesse an einem Arbeiterquartier f\u00fcr Ihr Personal (Pendlermiete)?<\/p>\n<\/div><figcaption class=\"g1-meta\"><img data-recalc-dims=\"1\" loading=\"lazy\" decoding=\"async\" src=\"https:\/\/i0.wp.com\/www.pendlerquartier.at\/pq\/wp-content\/uploads\/2016\/03\/pq64.png?resize=40%2C40\" width=\"40\" height=\"40\" alt=\"Author&#039;s image\"\/><span>pendlerquartier.at<\/span><\/figcaption><\/figure>\n<span id=\"g1-space-1\" class=\"g1-space \" style=\"height:20px;\"><\/span>\n<ul class=\"g1-grid\"><li class=\"g1-column g1-two-third g1-valign-top\">\n<\/li><!-- -->\n<li class=\"g1-column g1-one-third g1-valign-top\">\n<a id=\"g1-button-1\" class=\"g1-button g1-button--big g1-button--solid g1-button--standard \" href=\"\/pq\/kontakt\/\" ><i class=\"fa fa-key\"><\/i>Jetzt anfragen!<\/a>\n<\/li><!-- --><\/ul>\n<div id=\"g1-box-counter-1\" class=\"g1-box g1-box--simple  g1-box--icon\" ><i class=\"fa fa-info g1-box__icon\"><\/i><div class=\"g1-box__inner\">\n<p><b style=\"font-size: 12pt; color: #347bbe;\">Allgemein<\/b><br \/>\nDas Quartier befindet sich in ruhiger Lage, mit guter Verkehrsanbindung und&nbsp;ist aufgeteilt&nbsp;in&nbsp;zwei Etagen mit insgesamt drei K\u00fcchenzeilen.<\/p>\n<p><b style=\"font-size: 12pt; color: #347bbe;\">Sanit\u00e4re Anlagen<\/b><br \/>\nDie WC-Anlagen&nbsp;sind in jedem&nbsp;Stockwerk gegeben.&nbsp;Im angrenzenden Nebengeb\u00e4ude sind die Duschr\u00e4ume untergebracht.<\/p>\n<p><b style=\"font-size: 12pt; color: #347bbe;\">Reinigung<\/b><br \/>\nDie gr\u00fcndliche Reinigung des Quartiers erfolgt jeweils am Wochenende.<\/p>\n<p><b style=\"font-size: 12pt; color: #347bbe;\">Zimmervarianten<\/b><br \/>\nZur Vermietung stehen Ihnen Zweibett- und Dreibettzimmer zur Auswahl.<\/p>\n<p><b style=\"font-size: 12pt; color: #347bbe;\">Infrastruktur<\/b><br \/>\nF\u00fcr die Nahversorgung befindet sich ein Einkaufsmarkt in unmittelbarer N\u00e4he.<\/p>\n<\/div><\/div>\n<p><a href=\"https:\/\/www.google.com\/maps\/place\/Hochwassergasse+31,1230+Wien\"><img data-recalc-dims=\"1\" loading=\"lazy\" decoding=\"async\" class=\"alignnone wp-image-322 size-full\" src=\"https:\/\/i0.wp.com\/www.pendlerquartier.at\/pq\/wp-content\/uploads\/2019\/07\/map.jpg?resize=686%2C129\" alt=\"google-map\" width=\"686\" height=\"129\" srcset=\"https:\/\/i0.wp.com\/www.pendlerquartier.at\/pq\/wp-content\/uploads\/2019\/07\/map.jpg?w=1920 1920w, https:\/\/i0.wp.com\/www.pendlerquartier.at\/pq\/wp-content\/uploads\/2019\/07\/map.jpg?resize=512%2C96 512w, https:\/\/i0.wp.com\/www.pendlerquartier.at\/pq\/wp-content\/uploads\/2019\/07\/map.jpg?resize=1024%2C192 1024w, https:\/\/i0.wp.com\/www.pendlerquartier.at\/pq\/wp-content\/uploads\/2019\/07\/map.jpg?resize=968%2C182 968w, https:\/\/i0.wp.com\/www.pendlerquartier.at\/pq\/wp-content\/uploads\/2019\/07\/map.jpg?resize=636%2C119 636w, https:\/\/i0.wp.com\/www.pendlerquartier.at\/pq\/wp-content\/uploads\/2019\/07\/map.jpg?resize=320%2C60 320w, https:\/\/i0.wp.com\/www.pendlerquartier.at\/pq\/wp-content\/uploads\/2019\/07\/map.jpg?resize=239%2C45 239w, https:\/\/i0.wp.com\/www.pendlerquartier.at\/pq\/wp-content\/uploads\/2019\/07\/map.jpg?w=1372 1372w\" sizes=\"auto, (max-width: 686px) 100vw, 686px\" \/><\/a><\/p>\n<div style=\"display: none;\">Word-Cloud f\u00fcr Pendlerquartier:<br \/>\narbeiter;monteur;gastarbeiter;pension;hotel;pendler;quartier;pendlerquartier;arbeiterquartier;zimmerquartier;monteurquartier;gastarbeiterquartier;fremdenquartier;zimmer;zimmervermietung;arbeiterzimmer;pendlerzimmer;monteurzimmer;gastarbeiterzimmer;ferienzimmer;fremdenzimmer;privatzimmer;wochenzimmer;jahreszimmer;privatzimmer;doppelzimmer;einzelbettzimmer;einzelzimmer;dreibettzimmer;zweibettzimmer;einbettzimmer;vierbettzimmer;f\u00fcnfbettzimmer;unterkunft;pendelerunterkunft;arbeiterunterkunft;zimmerunterkunft;monteurunterkunft;gastarbeiterunterkunft;fremdenunterkunft;mieten;zu;vermieten;vermieten;vermietung;unterkunftvermietung;quartiervermietung;pendlervermietung;arbeitervermietung;zimmervermietung;monteurvermietung;wochenvermietung;monatsvermietung;jahresvermietung;wohnung;arbeiterwohnung;pendlerwohnung;zimmerwohnung;monteurwohnung;billig;g\u00fcnstig;k\u00fcche;stiege;rauchen;raucherbereich;quartierben\u00fctzung;kochstelle;sauberkeit;sauber;haus;pendlerhaus;arbeiterhaus;zimmerhaus;monteurhaus;fremdenhaus;gastarbeiterhaus;wochenhaus;monatshaus;jahreshaus;reinigung;waschraum;duschen;k\u00fchlschrank;k\u00fchlschr\u00e4nke;\u00fcbernachtung;pendler\u00fcbernachtung;arbeiter\u00fcbernachtung;monteur\u00fcbernachtung;mitbewohner;wohnen;g\u00e4nge;gang;buchen;reservieren;immobilie;gr\u00fcn;ruhig;erholung;erholen;l\u00e4rmfrei;reinigung;reinigen;sat;tv;fernsehaparate;fernsehger\u00e4te;wlan;internet;sat-tv;anlagen;einrichtung;m\u00f6bliert;m\u00f6bel;ruhige;tage;nahversorgung;einkaufsm\u00f6glichkeiten;einkaufen;lebensmittel;bettbezug;mietpreis;preise;kosten;monatsweise;toilettenanlage;toilette;toilette;wc;wc-anlage;gas;wasser;strom;inklusive;heizung;gr\u00fcndlich;duschen;dusche;dusch\u00e4ume<\/div>\n","protected":false},"excerpt":{"rendered":"<p>Word-Cloud f\u00fcr Pendlerquartier: arbeiter;monteur;gastarbeiter;pension;hotel;pendler;quartier;pendlerquartier;arbeiterquartier;zimmerquartier;monteurquartier;gastarbeiterquartier;fremdenquartier;zimmer;zimmervermietung;arbeiterzimmer;pendlerzimmer;monteurzimmer;gastarbeiterzimmer;ferienzimmer;fremdenzimmer;privatzimmer;wochenzimmer;jahreszimmer;privatzimmer;doppelzimmer;einzelbettzimmer;einzelzimmer;dreibettzimmer;zweibettzimmer;einbettzimmer;vierbettzimmer;f\u00fcnfbettzimmer;unterkunft;pendelerunterkunft;arbeiterunterkunft;zimmerunterkunft;monteurunterkunft;gastarbeiterunterkunft;fremdenunterkunft;mieten;zu;vermieten;vermieten;vermietung;unterkunftvermietung;quartiervermietung;pendlervermietung;arbeitervermietung;zimmervermietung;monteurvermietung;wochenvermietung;monatsvermietung;jahresvermietung;wohnung;arbeiterwohnung;pendlerwohnung;zimmerwohnung;monteurwohnung;billig;g\u00fcnstig;k\u00fcche;stiege;rauchen;raucherbereich;quartierben\u00fctzung;kochstelle;sauberkeit;sauber;haus;pendlerhaus;arbeiterhaus;zimmerhaus;monteurhaus;fremdenhaus;gastarbeiterhaus;wochenhaus;monatshaus;jahreshaus;reinigung;waschraum;duschen;k\u00fchlschrank;k\u00fchlschr\u00e4nke;\u00fcbernachtung;pendler\u00fcbernachtung;arbeiter\u00fcbernachtung;monteur\u00fcbernachtung;mitbewohner;wohnen;g\u00e4nge;gang;buchen;reservieren;immobilie;gr\u00fcn;ruhig;erholung;erholen;l\u00e4rmfrei;reinigung;reinigen;sat;tv;fernsehaparate;fernsehger\u00e4te;wlan;internet;sat-tv;anlagen;einrichtung;m\u00f6bliert;m\u00f6bel;ruhige;tage;nahversorgung;einkaufsm\u00f6glichkeiten;einkaufen;lebensmittel;bettbezug;mietpreis;preise;kosten;monatsweise;toilettenanlage;toilette;toilette;wc;wc-anlage;gas;wasser;strom;inklusive;heizung;gr\u00fcndlich;duschen;dusche;dusch\u00e4ume<\/p>\n","protected":false},"author":1,"featured_media":0,"parent":0,"menu_order":0,"comment_status":"closed","ping_status":"closed","template":"","meta":{"jetpack_post_was_ever_published":false,"footnotes":""},"class_list":{"0":"post-18","1":"page","2":"type-page","3":"status-publish","5":"g1_relation_tag-arbeiter","6":"g1_relation_tag-pendler","7":"g1_relation_tag-pq","8":"g1_relation_tag-quartier","9":"g1_relation_tag-zimmer"},"jetpack_sharing_enabled":true,"jetpack_shortlink":"https:\/\/wp.me\/P7j1WO-i","_links":{"self":[{"href":"http:\/\/www.pendlerquartier.at\/pq\/wp-json\/wp\/v2\/pages\/18","targetHints":{"allow":["GET"]}}],"collection":[{"href":"http:\/\/www.pendlerquartier.at\/pq\/wp-json\/wp\/v2\/pages"}],"about":[{"href":"http:\/\/www.pendlerquartier.at\/pq\/wp-json\/wp\/v2\/types\/page"}],"author":[{"embeddable":true,"href":"http:\/\/www.pendlerquartier.at\/pq\/wp-json\/wp\/v2\/users\/1"}],"replies":[{"embeddable":true,"href":"http:\/\/www.pendlerquartier.at\/pq\/wp-json\/wp\/v2\/comments?post=18"}],"version-history":[{"count":69,"href":"http:\/\/www.pendlerquartier.at\/pq\/wp-json\/wp\/v2\/pages\/18\/revisions"}],"predecessor-version":[{"id":325,"href":"http:\/\/www.pendlerquartier.at\/pq\/wp-json\/wp\/v2\/pages\/18\/revisions\/325"}],"wp:attachment":[{"href":"http:\/\/www.pendlerquartier.at\/pq\/wp-json\/wp\/v2\/media?parent=18"}],"curies":[{"name":"wp","href":"https:\/\/api.w.org\/{rel}","templated":true}]}}