{"id":101,"date":"2016-03-05T17:52:04","date_gmt":"2016-03-05T16:52:04","guid":{"rendered":"http:\/\/www.pendlerquartier.at\/pq\/?page_id=101"},"modified":"2019-11-07T10:59:57","modified_gmt":"2019-11-07T09:59:57","slug":"zimmer","status":"publish","type":"page","link":"http:\/\/www.pendlerquartier.at\/pq\/zimmer\/","title":{"rendered":"Zimmer"},"content":{"rendered":"<ul class=\"g1-grid\"><li class=\"g1-column g1-two-third g1-valign-top\">\n<div id=\"g1-message-1\" class=\"g1-message g1-message--info \" ><div class=\"g1-inner\">\n<h4 style=\"color: #fff;\">Zimmerausstattung<\/h4>\n<p>kostenloser Internetzugang, SAT-TV-Anlagen, K\u00fchlschr\u00e4nke und sch\u00f6ne Einrichtung.<\/p>\n<p>Die gr\u00fcndliche Reinigung der Zimmer erfolgt jeweils am Wochenende.<\/p>\n<\/div><\/div>\n<div id=\"g1-message-2\" class=\"g1-message g1-message--info \" ><div class=\"g1-inner\">\n<h4 style=\"color: #fff;\">Miete<\/h4>\n<p>Bitte ber\u00fccksichtigen Sie, dass wir nur monatsweise und nicht f\u00fcr Einzeltage vermieten.<\/p>\n<h4 style=\"color: #fff;\">Kaution<\/h4>\n<p>Pro Schl\u00fcssel werden \u20ac 50,- als Kaution einbezogen und bei R\u00fcckgabe wieder retourniert.<\/p>\n<p>Nur bei Privatbelegung sind \u20ac 300,- Kaution zu hinterlegen.<\/p>\n<\/div><\/div>\n<\/li><!-- -->\n<li class=\"g1-column g1-one-third g1-valign-top\">\n<div id=\"g1-message-3\" class=\"g1-message g1-message--success \" ><div class=\"g1-inner\">\n<h4 style=\"color: #fff;\">Im Mietpreis enthalten:<\/h4>\n<ul>\n<li>Gas<\/li>\n<li>Wasser<\/li>\n<li>Strom<\/li>\n<li>Heizung<\/li>\n<li>Internet<\/li>\n<li>SAT-TV<\/li>\n<li>K\u00fchlschr\u00e4nke<\/li>\n<li>w\u00f6chentliche Reinigung<\/li>\n<li>monatlicher neuer Bettenbezug<\/li>\n<\/ul>\n<\/div><\/div>\n<a id=\"g1-button-1\" class=\"g1-button g1-button--big g1-button--solid g1-button--standard \" href=\"\/pq\/kontakt\/\" ><i class=\"fa fa-key\"><\/i>Jetzt anfragen!<\/a>\n<\/li><!-- --><\/ul>\n<p><a href=\"https:\/\/www.google.com\/maps\/place\/Hochwassergasse+31,1230+Wien\"><img data-recalc-dims=\"1\" loading=\"lazy\" decoding=\"async\" class=\"alignnone wp-image-322 size-full\" src=\"https:\/\/i0.wp.com\/www.pendlerquartier.at\/pq\/wp-content\/uploads\/2019\/07\/map.jpg?resize=686%2C129\" alt=\"google-map\" width=\"686\" height=\"129\" srcset=\"https:\/\/i0.wp.com\/www.pendlerquartier.at\/pq\/wp-content\/uploads\/2019\/07\/map.jpg?w=1920 1920w, https:\/\/i0.wp.com\/www.pendlerquartier.at\/pq\/wp-content\/uploads\/2019\/07\/map.jpg?resize=512%2C96 512w, https:\/\/i0.wp.com\/www.pendlerquartier.at\/pq\/wp-content\/uploads\/2019\/07\/map.jpg?resize=1024%2C192 1024w, https:\/\/i0.wp.com\/www.pendlerquartier.at\/pq\/wp-content\/uploads\/2019\/07\/map.jpg?resize=968%2C182 968w, https:\/\/i0.wp.com\/www.pendlerquartier.at\/pq\/wp-content\/uploads\/2019\/07\/map.jpg?resize=636%2C119 636w, https:\/\/i0.wp.com\/www.pendlerquartier.at\/pq\/wp-content\/uploads\/2019\/07\/map.jpg?resize=320%2C60 320w, https:\/\/i0.wp.com\/www.pendlerquartier.at\/pq\/wp-content\/uploads\/2019\/07\/map.jpg?resize=239%2C45 239w, https:\/\/i0.wp.com\/www.pendlerquartier.at\/pq\/wp-content\/uploads\/2019\/07\/map.jpg?w=1372 1372w\" sizes=\"auto, (max-width: 686px) 100vw, 686px\" \/><\/a><\/p>\n","protected":false},"excerpt":{"rendered":"","protected":false},"author":1,"featured_media":0,"parent":0,"menu_order":0,"comment_status":"closed","ping_status":"closed","template":"","meta":{"jetpack_post_was_ever_published":false,"footnotes":""},"class_list":{"0":"post-101","1":"page","2":"type-page","3":"status-publish","5":"g1_relation_tag-arbeiterquartier","6":"g1_relation_tag-bett","7":"g1_relation_tag-internet","8":"g1_relation_tag-pendlerquartier","9":"g1_relation_tag-sat","10":"g1_relation_tag-schrank","11":"g1_relation_tag-tv","12":"g1_relation_tag-wifi","13":"g1_relation_tag-wlan","14":"g1_relation_tag-wohnen","15":"g1_relation_tag-zimmer"},"jetpack_sharing_enabled":true,"jetpack_shortlink":"https:\/\/wp.me\/P7j1WO-1D","_links":{"self":[{"href":"http:\/\/www.pendlerquartier.at\/pq\/wp-json\/wp\/v2\/pages\/101","targetHints":{"allow":["GET"]}}],"collection":[{"href":"http:\/\/www.pendlerquartier.at\/pq\/wp-json\/wp\/v2\/pages"}],"about":[{"href":"http:\/\/www.pendlerquartier.at\/pq\/wp-json\/wp\/v2\/types\/page"}],"author":[{"embeddable":true,"href":"http:\/\/www.pendlerquartier.at\/pq\/wp-json\/wp\/v2\/users\/1"}],"replies":[{"embeddable":true,"href":"http:\/\/www.pendlerquartier.at\/pq\/wp-json\/wp\/v2\/comments?post=101"}],"version-history":[{"count":37,"href":"http:\/\/www.pendlerquartier.at\/pq\/wp-json\/wp\/v2\/pages\/101\/revisions"}],"predecessor-version":[{"id":326,"href":"http:\/\/www.pendlerquartier.at\/pq\/wp-json\/wp\/v2\/pages\/101\/revisions\/326"}],"wp:attachment":[{"href":"http:\/\/www.pendlerquartier.at\/pq\/wp-json\/wp\/v2\/media?parent=101"}],"curies":[{"name":"wp","href":"https:\/\/api.w.org\/{rel}","templated":true}]}}